{"id":873,"date":"2022-08-12T06:29:55","date_gmt":"2022-08-12T06:29:55","guid":{"rendered":"https:\/\/demo.athemes.com\/sydney-fashion\/?page_id=6"},"modified":"2023-11-22T06:11:16","modified_gmt":"2023-11-22T09:11:16","slug":"my-front-page","status":"publish","type":"page","link":"https:\/\/marciorangel.com.br\/","title":{"rendered":"My front page"},"content":{"rendered":"\t\t<div data-elementor-type=\"wp-page\" data-elementor-id=\"873\" class=\"elementor elementor-873\">\n\t\t\t\t\t\t<section class=\"elementor-section elementor-top-section elementor-element elementor-element-b17beb1 elementor-section-content-middle hero-area elementor-reverse-mobile elementor-section-boxed elementor-section-height-default elementor-section-height-default\" data-id=\"b17beb1\" data-element_type=\"section\" data-e-type=\"section\" data-settings=\"{&quot;background_background&quot;:&quot;classic&quot;}\">\n\t\t\t\t\t\t<div class=\"elementor-container elementor-column-gap-no\">\n\t\t\t\t\t<div class=\"elementor-column elementor-col-50 elementor-top-column elementor-element elementor-element-36b0664\" data-id=\"36b0664\" data-element_type=\"column\" data-e-type=\"column\">\n\t\t\t<div class=\"elementor-widget-wrap elementor-element-populated\">\n\t\t\t\t\t\t<div class=\"elementor-element elementor-element-fc19df4 elementor-invisible elementor-widget elementor-widget-heading\" data-id=\"fc19df4\" data-element_type=\"widget\" data-e-type=\"widget\" data-settings=\"{&quot;_animation&quot;:&quot;fadeInUp&quot;}\" data-widget_type=\"heading.default\">\n\t\t\t\t<div class=\"elementor-widget-container\">\n\t\t\t\t\t<h1 class=\"elementor-heading-title elementor-size-default\">INTRODU\u00c7\u00c3O \nAO ESTOICISMO<\/h1>\t\t\t\t<\/div>\n\t\t\t\t<\/div>\n\t\t\t\t<div class=\"elementor-element elementor-element-d3f11dc elementor-invisible elementor-widget elementor-widget-heading\" data-id=\"d3f11dc\" data-element_type=\"widget\" data-e-type=\"widget\" data-settings=\"{&quot;_animation&quot;:&quot;fadeInUp&quot;,&quot;_animation_delay&quot;:500}\" data-widget_type=\"heading.default\">\n\t\t\t\t<div class=\"elementor-widget-container\">\n\t\t\t\t\t<div class=\"elementor-heading-title elementor-size-default\"><h1 id=\"title\" class=\"a-spacing-none a-text-normal\" style=\"padding: 0px;margin-top: 0px;font-size: 28px;line-height: 36px;, Arial, sans-serif;margin-bottom: 0px !important\"><span id=\"productTitle\" class=\"a-size-extra-large celwidget\" data-csa-c-id=\"x9x2s8-k00jip-fcjvfy-pe7h3d\" data-cel-widget=\"productTitle\" style=\"line-height: 36px !important\">A busca pelo equil\u00edbrio emocional, autoconhecimento e felicidade atrav\u00e9s da pr\u00e1tica estoica<\/span><\/h1><\/div>\t\t\t\t<\/div>\n\t\t\t\t<\/div>\n\t\t\t\t<div class=\"elementor-element elementor-element-afdfd3e elementor-align-left elementor-mobile-align-justify elementor-invisible elementor-widget elementor-widget-button\" data-id=\"afdfd3e\" data-element_type=\"widget\" data-e-type=\"widget\" data-settings=\"{&quot;_animation&quot;:&quot;fadeIn&quot;,&quot;_animation_delay&quot;:1000}\" data-widget_type=\"button.default\">\n\t\t\t\t<div class=\"elementor-widget-container\">\n\t\t\t\t\t\t\t\t\t<div class=\"elementor-button-wrapper\">\n\t\t\t\t\t<a class=\"elementor-button elementor-button-link elementor-size-sm\" href=\"https:\/\/www.amazon.com.br\/INTRODU%C3%87%C3%83O-ESTOICISMO-equil%C3%ADbrio-autoconhecimento-felicidade-ebook\/dp\/B0BW81L89C\/ref=sr_1_1?__mk_pt_BR=%C3%85M%C3%85%C5%BD%C3%95%C3%91&#038;crid=3FPVJN6YEGU0G&#038;keywords=m%C3%A1rcio+rangel&#038;qid=1693494591&#038;sprefix=m%C3%A1rcio+rangel%2Caps%2C217&#038;sr=8-1\">\n\t\t\t\t\t\t<span class=\"elementor-button-content-wrapper\">\n\t\t\t\t\t\t<span class=\"elementor-button-icon\">\n\t\t\t\t\t\t\t<\/span>\n\t\t\t\t\t\t\t\t\t<span class=\"elementor-button-text\">Compre na Amazon - Apenas R$ 19,90<\/span>\n\t\t\t\t\t<\/span>\n\t\t\t\t\t<\/a>\n\t\t\t\t<\/div>\n\t\t\t\t\t\t\t\t<\/div>\n\t\t\t\t<\/div>\n\t\t\t\t\t<\/div>\n\t\t<\/div>\n\t\t\t\t<div class=\"elementor-column elementor-col-50 elementor-top-column elementor-element elementor-element-c377268 hero-extend\" data-id=\"c377268\" data-element_type=\"column\" data-e-type=\"column\" data-settings=\"{&quot;background_background&quot;:&quot;classic&quot;}\">\n\t\t\t<div class=\"elementor-widget-wrap elementor-element-populated\">\n\t\t\t\t\t\t<div class=\"elementor-element elementor-element-2e55418 hero-image elementor-widget elementor-widget-image\" data-id=\"2e55418\" data-element_type=\"widget\" data-e-type=\"widget\" data-widget_type=\"image.default\">\n\t\t\t\t<div class=\"elementor-widget-container\">\n\t\t\t\t\t\t\t\t\t\t\t\t\t\t\t<img fetchpriority=\"high\" decoding=\"async\" width=\"737\" height=\"617\" src=\"https:\/\/marciorangel.com.br\/wp-content\/uploads\/2023\/09\/Livromesap.webp\" class=\"attachment-large size-large wp-image-1032\" alt=\"\" srcset=\"https:\/\/marciorangel.com.br\/wp-content\/uploads\/2023\/09\/Livromesap.webp 737w, https:\/\/marciorangel.com.br\/wp-content\/uploads\/2023\/09\/Livromesap-300x251.webp 300w, https:\/\/marciorangel.com.br\/wp-content\/uploads\/2023\/09\/Livromesap-230x193.webp 230w, https:\/\/marciorangel.com.br\/wp-content\/uploads\/2023\/09\/Livromesap-350x293.webp 350w, https:\/\/marciorangel.com.br\/wp-content\/uploads\/2023\/09\/Livromesap-480x402.webp 480w, https:\/\/marciorangel.com.br\/wp-content\/uploads\/2023\/09\/Livromesap-420x352.webp 420w\" sizes=\"(max-width: 737px) 100vw, 737px\" \/>\t\t\t\t\t\t\t\t\t\t\t\t\t\t\t<\/div>\n\t\t\t\t<\/div>\n\t\t\t\t\t<\/div>\n\t\t<\/div>\n\t\t\t\t\t<\/div>\n\t\t<\/section>\n\t\t\t\t<section class=\"elementor-section elementor-top-section elementor-element elementor-element-179ae3e elementor-section-content-middle elementor-section-boxed elementor-section-height-default elementor-section-height-default\" data-id=\"179ae3e\" data-element_type=\"section\" data-e-type=\"section\" data-settings=\"{&quot;background_background&quot;:&quot;classic&quot;}\">\n\t\t\t\t\t\t<div class=\"elementor-container elementor-column-gap-no\">\n\t\t\t\t\t<div class=\"elementor-column elementor-col-50 elementor-top-column elementor-element elementor-element-74fe96d stretch-left\" data-id=\"74fe96d\" data-element_type=\"column\" data-e-type=\"column\">\n\t\t\t<div class=\"elementor-widget-wrap elementor-element-populated\">\n\t\t\t\t\t\t<div class=\"elementor-element elementor-element-5766295 e-transform elementor-widget elementor-widget-image\" data-id=\"5766295\" data-element_type=\"widget\" data-e-type=\"widget\" data-settings=\"{&quot;_transform_scale_effect&quot;:{&quot;unit&quot;:&quot;px&quot;,&quot;size&quot;:1.2,&quot;sizes&quot;:[]},&quot;_transform_scale_effect_tablet&quot;:{&quot;unit&quot;:&quot;px&quot;,&quot;size&quot;:&quot;&quot;,&quot;sizes&quot;:[]},&quot;_transform_scale_effect_mobile&quot;:{&quot;unit&quot;:&quot;px&quot;,&quot;size&quot;:&quot;&quot;,&quot;sizes&quot;:[]}}\" data-widget_type=\"image.default\">\n\t\t\t\t<div class=\"elementor-widget-container\">\n\t\t\t\t\t\t\t\t\t\t\t\t\t\t\t<img decoding=\"async\" width=\"2304\" height=\"1536\" src=\"https:\/\/marciorangel.com.br\/wp-content\/uploads\/2023\/09\/Grecia01p.jpg\" class=\"attachment-full size-full wp-image-920\" alt=\"\" srcset=\"https:\/\/marciorangel.com.br\/wp-content\/uploads\/2023\/09\/Grecia01p.jpg 2304w, https:\/\/marciorangel.com.br\/wp-content\/uploads\/2023\/09\/Grecia01p-300x200.jpg 300w, https:\/\/marciorangel.com.br\/wp-content\/uploads\/2023\/09\/Grecia01p-1024x683.jpg 1024w, https:\/\/marciorangel.com.br\/wp-content\/uploads\/2023\/09\/Grecia01p-768x512.jpg 768w, https:\/\/marciorangel.com.br\/wp-content\/uploads\/2023\/09\/Grecia01p-1536x1024.jpg 1536w, https:\/\/marciorangel.com.br\/wp-content\/uploads\/2023\/09\/Grecia01p-2048x1365.jpg 2048w, https:\/\/marciorangel.com.br\/wp-content\/uploads\/2023\/09\/Grecia01p-1000x667.jpg 1000w, https:\/\/marciorangel.com.br\/wp-content\/uploads\/2023\/09\/Grecia01p-230x153.jpg 230w, https:\/\/marciorangel.com.br\/wp-content\/uploads\/2023\/09\/Grecia01p-350x233.jpg 350w, https:\/\/marciorangel.com.br\/wp-content\/uploads\/2023\/09\/Grecia01p-480x320.jpg 480w, https:\/\/marciorangel.com.br\/wp-content\/uploads\/2023\/09\/Grecia01p-420x280.jpg 420w, https:\/\/marciorangel.com.br\/wp-content\/uploads\/2023\/09\/Grecia01p-800x533.jpg 800w\" sizes=\"(max-width: 2304px) 100vw, 2304px\" \/>\t\t\t\t\t\t\t\t\t\t\t\t\t\t\t<\/div>\n\t\t\t\t<\/div>\n\t\t\t\t\t<\/div>\n\t\t<\/div>\n\t\t\t\t<div class=\"elementor-column elementor-col-50 elementor-top-column elementor-element elementor-element-f5d7712\" data-id=\"f5d7712\" data-element_type=\"column\" data-e-type=\"column\" data-settings=\"{&quot;background_background&quot;:&quot;classic&quot;}\">\n\t\t\t<div class=\"elementor-widget-wrap elementor-element-populated\">\n\t\t\t\t\t\t<div class=\"elementor-element elementor-element-0713702 elementor-invisible elementor-widget elementor-widget-heading\" data-id=\"0713702\" data-element_type=\"widget\" data-e-type=\"widget\" data-settings=\"{&quot;_animation&quot;:&quot;fadeIn&quot;}\" data-widget_type=\"heading.default\">\n\t\t\t\t<div class=\"elementor-widget-container\">\n\t\t\t\t\t<h2 class=\"elementor-heading-title elementor-size-default\">Descubra a sabedoria estoica.<\/h2>\t\t\t\t<\/div>\n\t\t\t\t<\/div>\n\t\t\t\t<div class=\"elementor-element elementor-element-373d204 elementor-invisible elementor-widget elementor-widget-text-editor\" data-id=\"373d204\" data-element_type=\"widget\" data-e-type=\"widget\" data-settings=\"{&quot;_animation&quot;:&quot;fadeIn&quot;}\" data-widget_type=\"text-editor.default\">\n\t\t\t\t<div class=\"elementor-widget-container\">\n\t\t\t\t\t\t\t\t\t<p>Explore os ensinamentos profundos do estoicismo. Aprenda a navegar pelos altos e baixos da vida com resili\u00eancia inabal\u00e1vel e paz interior. Junte-se a n\u00f3s em uma jornada em dire\u00e7\u00e3o ao equil\u00edbrio emocional e autoconsci\u00eancia. O estoicismo, a filosofia atemporal, capacita voc\u00ea a encontrar prop\u00f3sito e felicidade em meio \u00e0s incertezas da vida.<\/p>\t\t\t\t\t\t\t\t<\/div>\n\t\t\t\t<\/div>\n\t\t\t\t<div class=\"elementor-element elementor-element-26e4424 elementor-align-left elementor-mobile-align-left elementor-invisible elementor-widget elementor-widget-button\" data-id=\"26e4424\" data-element_type=\"widget\" data-e-type=\"widget\" data-settings=\"{&quot;_animation&quot;:&quot;fadeInUp&quot;,&quot;_animation_delay&quot;:300}\" data-widget_type=\"button.default\">\n\t\t\t\t<div class=\"elementor-widget-container\">\n\t\t\t\t\t\t\t\t\t<div class=\"elementor-button-wrapper\">\n\t\t\t\t\t<a class=\"elementor-button elementor-button-link elementor-size-sm\" href=\"https:\/\/marciorangel.com.br\/?page_id=880\">\n\t\t\t\t\t\t<span class=\"elementor-button-content-wrapper\">\n\t\t\t\t\t\t<span class=\"elementor-button-icon\">\n\t\t\t\t\t\t\t<\/span>\n\t\t\t\t\t\t\t\t\t<span class=\"elementor-button-text\">Descubra<\/span>\n\t\t\t\t\t<\/span>\n\t\t\t\t\t<\/a>\n\t\t\t\t<\/div>\n\t\t\t\t\t\t\t\t<\/div>\n\t\t\t\t<\/div>\n\t\t\t\t\t<\/div>\n\t\t<\/div>\n\t\t\t\t\t<\/div>\n\t\t<\/section>\n\t\t\t\t<\/div>\n\t\t","protected":false},"excerpt":{"rendered":"<p>INTRODU\u00c7\u00c3O AO ESTOICISMO A busca pelo equil\u00edbrio emocional, autoconhecimento e felicidade atrav\u00e9s da pr\u00e1tica estoica Compre na Amazon &#8211; Apenas R$ 19,90 Descubra a sabedoria estoica. Explore os ensinamentos profundos do estoicismo. Aprenda a navegar pelos altos e baixos da vida com resili\u00eancia inabal\u00e1vel e paz interior. Junte-se a n\u00f3s [&hellip;]<\/p>\n","protected":false},"author":1,"featured_media":0,"parent":0,"menu_order":0,"comment_status":"closed","ping_status":"closed","template":"page-templates\/page_front-page.php","meta":{"footnotes":""},"class_list":["post-873","page","type-page","status-publish","hentry"],"_links":{"self":[{"href":"https:\/\/marciorangel.com.br\/index.php?rest_route=\/wp\/v2\/pages\/873","targetHints":{"allow":["GET"]}}],"collection":[{"href":"https:\/\/marciorangel.com.br\/index.php?rest_route=\/wp\/v2\/pages"}],"about":[{"href":"https:\/\/marciorangel.com.br\/index.php?rest_route=\/wp\/v2\/types\/page"}],"author":[{"embeddable":true,"href":"https:\/\/marciorangel.com.br\/index.php?rest_route=\/wp\/v2\/users\/1"}],"replies":[{"embeddable":true,"href":"https:\/\/marciorangel.com.br\/index.php?rest_route=%2Fwp%2Fv2%2Fcomments&post=873"}],"version-history":[{"count":93,"href":"https:\/\/marciorangel.com.br\/index.php?rest_route=\/wp\/v2\/pages\/873\/revisions"}],"predecessor-version":[{"id":1131,"href":"https:\/\/marciorangel.com.br\/index.php?rest_route=\/wp\/v2\/pages\/873\/revisions\/1131"}],"wp:attachment":[{"href":"https:\/\/marciorangel.com.br\/index.php?rest_route=%2Fwp%2Fv2%2Fmedia&parent=873"}],"curies":[{"name":"wp","href":"https:\/\/api.w.org\/{rel}","templated":true}]}}