{"id":731,"date":"2022-08-16T10:28:02","date_gmt":"2022-08-16T13:28:02","guid":{"rendered":"https:\/\/demo.athemes.com\/sydney-fashion\/?page_id=731"},"modified":"2023-09-28T12:10:59","modified_gmt":"2023-09-28T15:10:59","slug":"sobre","status":"publish","type":"page","link":"https:\/\/marciorangel.com.br\/?page_id=731","title":{"rendered":"Sobre"},"content":{"rendered":"\t\t<div data-elementor-type=\"wp-page\" data-elementor-id=\"731\" class=\"elementor elementor-731\">\n\t\t\t\t\t\t<section class=\"elementor-section elementor-top-section elementor-element elementor-element-f6dca25 elementor-section-boxed elementor-section-height-default elementor-section-height-default\" data-id=\"f6dca25\" data-element_type=\"section\" data-e-type=\"section\">\n\t\t\t\t\t\t<div class=\"elementor-container elementor-column-gap-no\">\n\t\t\t\t\t<div class=\"elementor-column elementor-col-100 elementor-top-column elementor-element elementor-element-a596882\" data-id=\"a596882\" data-element_type=\"column\" data-e-type=\"column\">\n\t\t\t<div class=\"elementor-widget-wrap elementor-element-populated\">\n\t\t\t\t\t\t<div class=\"elementor-element elementor-element-95b24dd elementor-widget elementor-widget-heading\" data-id=\"95b24dd\" data-element_type=\"widget\" data-e-type=\"widget\" data-widget_type=\"heading.default\">\n\t\t\t\t<div class=\"elementor-widget-container\">\n\t\t\t\t\t<h1 class=\"elementor-heading-title elementor-size-default\">Contato<\/h1>\t\t\t\t<\/div>\n\t\t\t\t<\/div>\n\t\t\t\t<div class=\"elementor-element elementor-element-02378b9 elementor-widget elementor-widget-image\" data-id=\"02378b9\" data-element_type=\"widget\" data-e-type=\"widget\" data-widget_type=\"image.default\">\n\t\t\t\t<div class=\"elementor-widget-container\">\n\t\t\t\t\t\t\t\t\t\t\t\t\t\t\t<img fetchpriority=\"high\" decoding=\"async\" width=\"1024\" height=\"460\" src=\"https:\/\/marciorangel.com.br\/wp-content\/uploads\/2023\/09\/MR-Ale-p-1024x460.jpg\" class=\"attachment-large size-large wp-image-1058\" alt=\"\" srcset=\"https:\/\/marciorangel.com.br\/wp-content\/uploads\/2023\/09\/MR-Ale-p-1024x460.jpg 1024w, https:\/\/marciorangel.com.br\/wp-content\/uploads\/2023\/09\/MR-Ale-p-300x135.jpg 300w, https:\/\/marciorangel.com.br\/wp-content\/uploads\/2023\/09\/MR-Ale-p-768x345.jpg 768w, https:\/\/marciorangel.com.br\/wp-content\/uploads\/2023\/09\/MR-Ale-p-1000x449.jpg 1000w, https:\/\/marciorangel.com.br\/wp-content\/uploads\/2023\/09\/MR-Ale-p-230x103.jpg 230w, https:\/\/marciorangel.com.br\/wp-content\/uploads\/2023\/09\/MR-Ale-p-350x157.jpg 350w, https:\/\/marciorangel.com.br\/wp-content\/uploads\/2023\/09\/MR-Ale-p-480x216.jpg 480w, https:\/\/marciorangel.com.br\/wp-content\/uploads\/2023\/09\/MR-Ale-p-420x189.jpg 420w, https:\/\/marciorangel.com.br\/wp-content\/uploads\/2023\/09\/MR-Ale-p-800x359.jpg 800w, https:\/\/marciorangel.com.br\/wp-content\/uploads\/2023\/09\/MR-Ale-p.jpg 1140w\" sizes=\"(max-width: 1024px) 100vw, 1024px\" \/>\t\t\t\t\t\t\t\t\t\t\t\t\t\t\t<\/div>\n\t\t\t\t<\/div>\n\t\t\t\t\t<\/div>\n\t\t<\/div>\n\t\t\t\t\t<\/div>\n\t\t<\/section>\n\t\t\t\t<section class=\"elementor-section elementor-top-section elementor-element elementor-element-ebed95b elementor-section-boxed elementor-section-height-default elementor-section-height-default\" data-id=\"ebed95b\" data-element_type=\"section\" data-e-type=\"section\">\n\t\t\t\t\t\t<div class=\"elementor-container elementor-column-gap-no\">\n\t\t\t\t\t<div class=\"elementor-column elementor-col-100 elementor-top-column elementor-element elementor-element-b9c6439\" data-id=\"b9c6439\" data-element_type=\"column\" data-e-type=\"column\">\n\t\t\t<div class=\"elementor-widget-wrap elementor-element-populated\">\n\t\t\t\t\t\t<div class=\"elementor-element elementor-element-c6281f2 elementor-invisible elementor-widget elementor-widget-heading\" data-id=\"c6281f2\" data-element_type=\"widget\" data-e-type=\"widget\" data-settings=\"{&quot;_animation&quot;:&quot;fadeIn&quot;}\" data-widget_type=\"heading.default\">\n\t\t\t\t<div class=\"elementor-widget-container\">\n\t\t\t\t\t<h2 class=\"elementor-heading-title elementor-size-default\">M\u00e1rcio Rangel<\/h2>\t\t\t\t<\/div>\n\t\t\t\t<\/div>\n\t\t\t\t<div class=\"elementor-element elementor-element-4bcb764 elementor-invisible elementor-widget elementor-widget-text-editor\" data-id=\"4bcb764\" data-element_type=\"widget\" data-e-type=\"widget\" data-settings=\"{&quot;_animation&quot;:&quot;fadeIn&quot;}\" data-widget_type=\"text-editor.default\">\n\t\t\t\t<div class=\"elementor-widget-container\">\n\t\t\t\t\t\t\t\t\t<p><span style=\"color: #0f1111; font-family: 'Amazon Ember', Arial, sans-serif; font-size: 14px;\">M\u00e1rcio Rangel \u00e9 um brasileiro que vive atualmente na It\u00e1lia.\u00a0<\/span><\/p><p><span style=\"color: #0f1111; font-family: 'Amazon Ember', Arial, sans-serif; font-size: 14px;\">Possui forma\u00e7\u00e3o em Hist\u00f3ria, Direito e Tecnologia da Informa\u00e7\u00e3o.\u00a0<\/span><\/p><p><span style=\"color: #0f1111; font-family: 'Amazon Ember', Arial, sans-serif; font-size: 14px;\">Apaixonado por Filosofia e praticante do Estoicismo h\u00e1 mais de trinta anos.\u00a0<\/span><span style=\"color: #0f1111; font-family: 'Amazon Ember', Arial, sans-serif; font-size: 14px;\">Foi professor universit\u00e1rio por quase 20 anos. <\/span><\/p><p><span style=\"color: #0f1111; font-family: 'Amazon Ember', Arial, sans-serif; font-size: 14px;\">Sempre trabalhou tamb\u00e9m na \u00e1rea de Tecnologia da Informa\u00e7\u00e3o, em empresas de todos os portes, aplicando sempre concretamente a filosofia estoica no seu dia a dia.\u00a0<\/span><\/p><p><span style=\"color: #0f1111; font-family: 'Amazon Ember', Arial, sans-serif; font-size: 14px;\">\u00c9 um eterno aprendiz.<\/span><\/p>\t\t\t\t\t\t\t\t<\/div>\n\t\t\t\t<\/div>\n\t\t\t\t\t<\/div>\n\t\t<\/div>\n\t\t\t\t\t<\/div>\n\t\t<\/section>\n\t\t\t\t<section class=\"elementor-section elementor-top-section elementor-element elementor-element-b9cc4c3 elementor-section-boxed elementor-section-height-default elementor-section-height-default\" data-id=\"b9cc4c3\" data-element_type=\"section\" data-e-type=\"section\">\n\t\t\t\t\t\t<div class=\"elementor-container elementor-column-gap-no\">\n\t\t\t\t\t<div class=\"elementor-column elementor-col-100 elementor-top-column elementor-element elementor-element-e3458c3\" data-id=\"e3458c3\" data-element_type=\"column\" data-e-type=\"column\">\n\t\t\t<div class=\"elementor-widget-wrap elementor-element-populated\">\n\t\t\t\t\t\t<div class=\"elementor-element elementor-element-b54aead elementor-invisible elementor-widget elementor-widget-heading\" data-id=\"b54aead\" data-element_type=\"widget\" data-e-type=\"widget\" data-settings=\"{&quot;_animation&quot;:&quot;fadeIn&quot;}\" data-widget_type=\"heading.default\">\n\t\t\t\t<div class=\"elementor-widget-container\">\n\t\t\t\t\t<h2 class=\"elementor-heading-title elementor-size-default\">Envie sua mensagem<\/h2>\t\t\t\t<\/div>\n\t\t\t\t<\/div>\n\t\t\t\t<div class=\"elementor-element elementor-element-ec45182 elementor-widget elementor-widget-wpforms\" data-id=\"ec45182\" data-element_type=\"widget\" data-e-type=\"widget\" data-widget_type=\"wpforms.default\">\n\t\t\t\t<div class=\"elementor-widget-container\">\n\t\t\t\t\t<div class=\"wpforms-container wpforms-container-full wpforms-render-modern\" id=\"wpforms-967\"><form id=\"wpforms-form-967\" class=\"wpforms-validate wpforms-form wpforms-ajax-form\" data-formid=\"967\" method=\"post\" enctype=\"multipart\/form-data\" action=\"\/index.php?rest_route=%2Fwp%2Fv2%2Fpages%2F731\" data-token=\"32d23997eb3c4a9c3a1c5cd8d0d66862\" data-token-time=\"1777511121\"><noscript class=\"wpforms-error-noscript\">Please enable JavaScript in your browser to complete this form.<\/noscript><div id=\"wpforms-error-noscript\" style=\"display: none;\">Please enable JavaScript in your browser to complete this form.<\/div><div class=\"wpforms-field-container\"><div id=\"wpforms-967-field_0-container\" class=\"wpforms-field wpforms-field-name\" data-field-id=\"0\"><fieldset><legend class=\"wpforms-field-label\">Nome <span class=\"wpforms-required-label\" aria-hidden=\"true\">*<\/span><\/legend><div class=\"wpforms-field-row wpforms-field-medium\"><div class=\"wpforms-field-row-block wpforms-first wpforms-one-half\"><input type=\"text\" id=\"wpforms-967-field_0\" class=\"wpforms-field-name-first wpforms-field-required\" name=\"wpforms[fields][0][first]\" aria-errormessage=\"wpforms-967-field_0-error\" required><label for=\"wpforms-967-field_0\" class=\"wpforms-field-sublabel after\">First<\/label><\/div><div class=\"wpforms-field-row-block wpforms-one-half\"><input type=\"text\" id=\"wpforms-967-field_0-last\" class=\"wpforms-field-name-last wpforms-field-required\" name=\"wpforms[fields][0][last]\" aria-errormessage=\"wpforms-967-field_0-last-error\" required><label for=\"wpforms-967-field_0-last\" class=\"wpforms-field-sublabel after\">Last<\/label><\/div><\/div><\/fieldset><\/div><div id=\"wpforms-967-field_1-container\" class=\"wpforms-field wpforms-field-email\" data-field-id=\"1\"><label class=\"wpforms-field-label\" for=\"wpforms-967-field_1\">E-mail <span class=\"wpforms-required-label\" aria-hidden=\"true\">*<\/span><\/label><input type=\"email\" id=\"wpforms-967-field_1\" class=\"wpforms-field-medium wpforms-field-required\" name=\"wpforms[fields][1]\" spellcheck=\"false\" aria-errormessage=\"wpforms-967-field_1-error\" required><\/div><div id=\"wpforms-967-field_2-container\" class=\"wpforms-field wpforms-field-textarea\" data-field-id=\"2\"><label class=\"wpforms-field-label\" for=\"wpforms-967-field_2\">Coment\u00e1rio ou Mensagem<\/label><textarea id=\"wpforms-967-field_2\" class=\"wpforms-field-medium\" name=\"wpforms[fields][2]\" aria-errormessage=\"wpforms-967-field_2-error\" ><\/textarea><\/div><\/div><!-- .wpforms-field-container --><div class=\"wpforms-submit-container\" ><input type=\"hidden\" name=\"wpforms[id]\" value=\"967\"><input type=\"hidden\" name=\"page_title\" value=\"\"><input type=\"hidden\" name=\"page_url\" value=\"https:\/\/marciorangel.com.br\/index.php?rest_route=\/wp\/v2\/pages\/731\"><input type=\"hidden\" name=\"url_referer\" value=\"\"><button type=\"submit\" name=\"wpforms[submit]\" id=\"wpforms-submit-967\" class=\"wpforms-submit\" data-alt-text=\"Enviando\u2026\" data-submit-text=\"Enviar\" aria-live=\"assertive\" value=\"wpforms-submit\">Enviar<\/button><img decoding=\"async\" src=\"https:\/\/marciorangel.com.br\/wp-content\/plugins\/wpforms-lite\/assets\/images\/submit-spin.svg\" class=\"wpforms-submit-spinner\" style=\"display: none;\" width=\"26\" height=\"26\" alt=\"Loading\"><\/div><\/form><\/div>  <!-- .wpforms-container -->\t\t\t\t<\/div>\n\t\t\t\t<\/div>\n\t\t\t\t\t<\/div>\n\t\t<\/div>\n\t\t\t\t\t<\/div>\n\t\t<\/section>\n\t\t\t\t<\/div>\n\t\t","protected":false},"excerpt":{"rendered":"<p>Contato M\u00e1rcio Rangel M\u00e1rcio Rangel \u00e9 um brasileiro que vive atualmente na It\u00e1lia.\u00a0 Possui forma\u00e7\u00e3o em Hist\u00f3ria, Direito e Tecnologia da Informa\u00e7\u00e3o.\u00a0 Apaixonado por Filosofia e praticante do Estoicismo h\u00e1 mais de trinta anos.\u00a0Foi professor universit\u00e1rio por quase 20 anos. Sempre trabalhou tamb\u00e9m na \u00e1rea de Tecnologia da Informa\u00e7\u00e3o, em [&hellip;]<\/p>\n","protected":false},"author":1,"featured_media":0,"parent":0,"menu_order":0,"comment_status":"closed","ping_status":"closed","template":"page-templates\/page_front-page.php","meta":{"footnotes":""},"class_list":["post-731","page","type-page","status-publish","hentry"],"_links":{"self":[{"href":"https:\/\/marciorangel.com.br\/index.php?rest_route=\/wp\/v2\/pages\/731","targetHints":{"allow":["GET"]}}],"collection":[{"href":"https:\/\/marciorangel.com.br\/index.php?rest_route=\/wp\/v2\/pages"}],"about":[{"href":"https:\/\/marciorangel.com.br\/index.php?rest_route=\/wp\/v2\/types\/page"}],"author":[{"embeddable":true,"href":"https:\/\/marciorangel.com.br\/index.php?rest_route=\/wp\/v2\/users\/1"}],"replies":[{"embeddable":true,"href":"https:\/\/marciorangel.com.br\/index.php?rest_route=%2Fwp%2Fv2%2Fcomments&post=731"}],"version-history":[{"count":43,"href":"https:\/\/marciorangel.com.br\/index.php?rest_route=\/wp\/v2\/pages\/731\/revisions"}],"predecessor-version":[{"id":1061,"href":"https:\/\/marciorangel.com.br\/index.php?rest_route=\/wp\/v2\/pages\/731\/revisions\/1061"}],"wp:attachment":[{"href":"https:\/\/marciorangel.com.br\/index.php?rest_route=%2Fwp%2Fv2%2Fmedia&parent=731"}],"curies":[{"name":"wp","href":"https:\/\/api.w.org\/{rel}","templated":true}]}}